{"id":2012,"date":"2024-12-03T11:38:53","date_gmt":"2024-12-03T15:38:53","guid":{"rendered":"https:\/\/www.martinproulx.com\/?page_id=2012"},"modified":"2024-12-03T15:56:35","modified_gmt":"2024-12-03T19:56:35","slug":"blog","status":"publish","type":"page","link":"https:\/\/www.martinproulx.com\/en\/blog\/","title":{"rendered":"Blog"},"content":{"rendered":"<p>[et_pb_section fb_built=&#8221;1&#8243; _builder_version=&#8221;4.20.4&#8243; _module_preset=&#8221;default&#8221; background_color=&#8221;#EDEDE6&#8243; global_colors_info=&#8221;{}&#8221;][et_pb_row column_structure=&#8221;3_5,2_5&#8243; use_custom_gutter=&#8221;on&#8221; gutter_width=&#8221;4&#8243; module_class=&#8221;tablet-two-cols&#8221; _builder_version=&#8221;4.16&#8243; _module_preset=&#8221;default&#8221; global_colors_info=&#8221;{}&#8221;][et_pb_column type=&#8221;3_5&#8243; _builder_version=&#8221;4.16&#8243; _module_preset=&#8221;default&#8221; global_colors_info=&#8221;{}&#8221;][et_pb_image src=&#8221;https:\/\/www.martinproulx.com\/wp-content\/uploads\/2023\/03\/LOGO-martin-proulx.svg&#8221; title_text=&#8221;LOGO-martin-proulx&#8221; _builder_version=&#8221;4.16&#8243; _module_preset=&#8221;default&#8221; width=&#8221;70%&#8221; width_tablet=&#8221;70%&#8221; width_phone=&#8221;100%&#8221; width_last_edited=&#8221;on|phone&#8221; custom_padding_tablet=&#8221;&#8221; custom_padding_phone=&#8221;||40px||false|false&#8221; custom_padding_last_edited=&#8221;on|phone&#8221; global_colors_info=&#8221;{}&#8221;][\/et_pb_image][et_pb_text _builder_version=&#8221;4.27.4&#8243; _module_preset=&#8221;default&#8221; text_font=&#8221;|700|||||||&#8221; text_font_size=&#8221;42px&#8221; custom_margin=&#8221;||2px|||&#8221; custom_padding=&#8221;30px||||false|false&#8221; border_width_top=&#8221;1px&#8221; border_color_top=&#8221;#235789&#8243; global_colors_info=&#8221;{}&#8221;]<\/p>\n<p>BLOG<\/p>\n<p>[\/et_pb_text][\/et_pb_column][et_pb_column type=&#8221;2_5&#8243; _builder_version=&#8221;4.16&#8243; _module_preset=&#8221;default&#8221; global_colors_info=&#8221;{}&#8221;][et_pb_image src=&#8221;https:\/\/www.martinproulx.com\/wp-content\/uploads\/machine-ecrire-blogue.png&#8221; title_text=&#8221;machine-ecrire-blogue&#8221; align=&#8221;center&#8221; _builder_version=&#8221;4.20.4&#8243; _module_preset=&#8221;default&#8221; positioning=&#8221;relative&#8221; global_colors_info=&#8221;{}&#8221;][\/et_pb_image][\/et_pb_column][\/et_pb_row][\/et_pb_section][et_pb_section fb_built=&#8221;1&#8243; _builder_version=&#8221;4.20.4&#8243; _module_preset=&#8221;default&#8221; background_color=&#8221;#EDEDE6&#8243; global_colors_info=&#8221;{}&#8221;][et_pb_row _builder_version=&#8221;4.20.4&#8243; _module_preset=&#8221;default&#8221; global_colors_info=&#8221;{}&#8221;][et_pb_column type=&#8221;4_4&#8243; _builder_version=&#8221;4.20.4&#8243; _module_preset=&#8221;default&#8221; global_colors_info=&#8221;{}&#8221;][et_pb_blog include_categories=&#8221;all&#8221; meta_date=&#8221;j M y&#8221; show_more=&#8221;on&#8221; show_author=&#8221;off&#8221; show_categories=&#8221;off&#8221; module_class=&#8221;dtb-blog&#8221; _builder_version=&#8221;4.20.4&#8243; _module_preset=&#8221;default&#8221; header_font=&#8221;|700|||||||&#8221; header_font_size=&#8221;28px&#8221; body_text_color=&#8221;#235789&#8243; meta_text_color=&#8221;#142847&#8243; meta_font_size=&#8221;12px&#8221; read_more_font=&#8221;|700|||||||&#8221; border_radii_fullwidth=&#8221;off|80px|||&#8221; global_colors_info=&#8221;{}&#8221;][\/et_pb_blog][\/et_pb_column][\/et_pb_row][\/et_pb_section]<\/p>\n","protected":false},"excerpt":{"rendered":"<p>BLOG<\/p>\n","protected":false},"author":1,"featured_media":0,"parent":0,"menu_order":0,"comment_status":"closed","ping_status":"closed","template":"","meta":{"_et_pb_use_builder":"on","_et_pb_old_content":"","_et_gb_content_width":"","footnotes":""},"class_list":["post-2012","page","type-page","status-publish","hentry"],"yoast_head":"<!-- This site is optimized with the Yoast SEO plugin v26.6 - https:\/\/yoast.com\/wordpress\/plugins\/seo\/ -->\n<title>MartinProulx.com | Blog<\/title>\n<meta name=\"description\" content=\"Explore my blog for actionable insights and expert advice on leadership, personal growth, and professional development. Discover strategies to unlock confidence, balance, and impact in your career, tailored for leaders navigating today\u2019s complex challenges.\" \/>\n<meta name=\"robots\" content=\"index, follow, max-snippet:-1, max-image-preview:large, max-video-preview:-1\" \/>\n<link rel=\"canonical\" href=\"https:\/\/www.martinproulx.com\/en\/blog\/\" \/>\n<meta property=\"og:locale\" content=\"en_US\" \/>\n<meta property=\"og:type\" content=\"article\" \/>\n<meta property=\"og:title\" content=\"MartinProulx.com | Blog\" \/>\n<meta property=\"og:description\" content=\"Explore my blog for actionable insights and expert advice on leadership, personal growth, and professional development. Discover strategies to unlock confidence, balance, and impact in your career, tailored for leaders navigating today\u2019s complex challenges.\" \/>\n<meta property=\"og:url\" content=\"https:\/\/www.martinproulx.com\/en\/blog\/\" \/>\n<meta property=\"og:site_name\" content=\"Martin Proulx\" \/>\n<meta property=\"article:modified_time\" content=\"2024-12-03T19:56:35+00:00\" \/>\n<script type=\"application\/ld+json\" class=\"yoast-schema-graph\">{\"@context\":\"https:\/\/schema.org\",\"@graph\":[{\"@type\":\"WebPage\",\"@id\":\"https:\/\/www.martinproulx.com\/en\/blog\/\",\"url\":\"https:\/\/www.martinproulx.com\/en\/blog\/\",\"name\":\"MartinProulx.com | Blog\",\"isPartOf\":{\"@id\":\"https:\/\/www.martinproulx.com\/en\/#website\"},\"datePublished\":\"2024-12-03T15:38:53+00:00\",\"dateModified\":\"2024-12-03T19:56:35+00:00\",\"description\":\"Explore my blog for actionable insights and expert advice on leadership, personal growth, and professional development. Discover strategies to unlock confidence, balance, and impact in your career, tailored for leaders navigating today\u2019s complex challenges.\",\"breadcrumb\":{\"@id\":\"https:\/\/www.martinproulx.com\/en\/blog\/#breadcrumb\"},\"inLanguage\":\"en-US\",\"potentialAction\":[{\"@type\":\"ReadAction\",\"target\":[\"https:\/\/www.martinproulx.com\/en\/blog\/\"]}]},{\"@type\":\"BreadcrumbList\",\"@id\":\"https:\/\/www.martinproulx.com\/en\/blog\/#breadcrumb\",\"itemListElement\":[{\"@type\":\"ListItem\",\"position\":1,\"name\":\"Accueil\",\"item\":\"https:\/\/www.martinproulx.com\/en\/\"},{\"@type\":\"ListItem\",\"position\":2,\"name\":\"Blog\"}]},{\"@type\":\"WebSite\",\"@id\":\"https:\/\/www.martinproulx.com\/en\/#website\",\"url\":\"https:\/\/www.martinproulx.com\/en\/\",\"name\":\"Martin Proulx\",\"description\":\"Coaching professionnel et personnel | Auteur du livre &quot;Ta t\u00eate te joue des tours&quot;\",\"publisher\":{\"@id\":\"https:\/\/www.martinproulx.com\/en\/#\/schema\/person\/a281350bff54cf0bc023cef020f373dc\"},\"potentialAction\":[{\"@type\":\"SearchAction\",\"target\":{\"@type\":\"EntryPoint\",\"urlTemplate\":\"https:\/\/www.martinproulx.com\/en\/?s={search_term_string}\"},\"query-input\":{\"@type\":\"PropertyValueSpecification\",\"valueRequired\":true,\"valueName\":\"search_term_string\"}}],\"inLanguage\":\"en-US\"},{\"@type\":[\"Person\",\"Organization\"],\"@id\":\"https:\/\/www.martinproulx.com\/en\/#\/schema\/person\/a281350bff54cf0bc023cef020f373dc\",\"name\":\"Martin Proulx\",\"image\":{\"@type\":\"ImageObject\",\"inLanguage\":\"en-US\",\"@id\":\"https:\/\/www.martinproulx.com\/en\/#\/schema\/person\/image\/\",\"url\":\"https:\/\/www.martinproulx.com\/wp-content\/uploads\/2023\/03\/benefices-01-martin-proulx-coach-en-leadership-lunettes.png\",\"contentUrl\":\"https:\/\/www.martinproulx.com\/wp-content\/uploads\/2023\/03\/benefices-01-martin-proulx-coach-en-leadership-lunettes.png\",\"width\":547,\"height\":628,\"caption\":\"Martin Proulx\"},\"logo\":{\"@id\":\"https:\/\/www.martinproulx.com\/en\/#\/schema\/person\/image\/\"},\"description\":\"Je suis Martin Proulx, coach pour les leaders non conventionnels qui veulent avoir de l\u2019impact et s\u2019\u00e9panouir dans leur organisation (conventionnelle). J\u2019ai longtemps eu des doutes sur l\u2019utilit\u00e9 et l\u2019impact r\u00e9el du coaching, mais je ne savais pas tout ce que je ne savais pas! Le coaching a eu un impact significatif sur qui je suis devenu comme leader et maintenant c\u2019est ma raison d\u2019\u00eatre d\u2019aider les autres leaders non conventionnels. \u00c0 ce jour, j\u2019ai accompagn\u00e9 plus de 250 leaders (dirigeants d\u2019entreprise, membres d\u2019\u00e9quipes ex\u00e9cutives, leaders d\u2019unit\u00e9s d\u2019affaires, gestionnaires interm\u00e9diaires) dans diff\u00e9rents secteurs d\u2019activit\u00e9s (jeu vid\u00e9o, d\u00e9veloppement logiciel, secteur financier \u2013 banques et assurances, industrie de la mode, fonction publique, consultation, sant\u00e9 et pharmaceutique, etc.).\",\"sameAs\":[\"https:\/\/www.martinproulx.com\/a-propos\/\",\"https:\/\/www.linkedin.com\/in\/martinproulx\/\"]}]}<\/script>\n<!-- \/ Yoast SEO plugin. -->","yoast_head_json":{"title":"MartinProulx.com | Blog","description":"Explore my blog for actionable insights and expert advice on leadership, personal growth, and professional development. Discover strategies to unlock confidence, balance, and impact in your career, tailored for leaders navigating today\u2019s complex challenges.","robots":{"index":"index","follow":"follow","max-snippet":"max-snippet:-1","max-image-preview":"max-image-preview:large","max-video-preview":"max-video-preview:-1"},"canonical":"https:\/\/www.martinproulx.com\/en\/blog\/","og_locale":"en_US","og_type":"article","og_title":"MartinProulx.com | Blog","og_description":"Explore my blog for actionable insights and expert advice on leadership, personal growth, and professional development. Discover strategies to unlock confidence, balance, and impact in your career, tailored for leaders navigating today\u2019s complex challenges.","og_url":"https:\/\/www.martinproulx.com\/en\/blog\/","og_site_name":"Martin Proulx","article_modified_time":"2024-12-03T19:56:35+00:00","schema":{"@context":"https:\/\/schema.org","@graph":[{"@type":"WebPage","@id":"https:\/\/www.martinproulx.com\/en\/blog\/","url":"https:\/\/www.martinproulx.com\/en\/blog\/","name":"MartinProulx.com | Blog","isPartOf":{"@id":"https:\/\/www.martinproulx.com\/en\/#website"},"datePublished":"2024-12-03T15:38:53+00:00","dateModified":"2024-12-03T19:56:35+00:00","description":"Explore my blog for actionable insights and expert advice on leadership, personal growth, and professional development. Discover strategies to unlock confidence, balance, and impact in your career, tailored for leaders navigating today\u2019s complex challenges.","breadcrumb":{"@id":"https:\/\/www.martinproulx.com\/en\/blog\/#breadcrumb"},"inLanguage":"en-US","potentialAction":[{"@type":"ReadAction","target":["https:\/\/www.martinproulx.com\/en\/blog\/"]}]},{"@type":"BreadcrumbList","@id":"https:\/\/www.martinproulx.com\/en\/blog\/#breadcrumb","itemListElement":[{"@type":"ListItem","position":1,"name":"Accueil","item":"https:\/\/www.martinproulx.com\/en\/"},{"@type":"ListItem","position":2,"name":"Blog"}]},{"@type":"WebSite","@id":"https:\/\/www.martinproulx.com\/en\/#website","url":"https:\/\/www.martinproulx.com\/en\/","name":"Martin Proulx","description":"Coaching professionnel et personnel | Auteur du livre &quot;Ta t\u00eate te joue des tours&quot;","publisher":{"@id":"https:\/\/www.martinproulx.com\/en\/#\/schema\/person\/a281350bff54cf0bc023cef020f373dc"},"potentialAction":[{"@type":"SearchAction","target":{"@type":"EntryPoint","urlTemplate":"https:\/\/www.martinproulx.com\/en\/?s={search_term_string}"},"query-input":{"@type":"PropertyValueSpecification","valueRequired":true,"valueName":"search_term_string"}}],"inLanguage":"en-US"},{"@type":["Person","Organization"],"@id":"https:\/\/www.martinproulx.com\/en\/#\/schema\/person\/a281350bff54cf0bc023cef020f373dc","name":"Martin Proulx","image":{"@type":"ImageObject","inLanguage":"en-US","@id":"https:\/\/www.martinproulx.com\/en\/#\/schema\/person\/image\/","url":"https:\/\/www.martinproulx.com\/wp-content\/uploads\/2023\/03\/benefices-01-martin-proulx-coach-en-leadership-lunettes.png","contentUrl":"https:\/\/www.martinproulx.com\/wp-content\/uploads\/2023\/03\/benefices-01-martin-proulx-coach-en-leadership-lunettes.png","width":547,"height":628,"caption":"Martin Proulx"},"logo":{"@id":"https:\/\/www.martinproulx.com\/en\/#\/schema\/person\/image\/"},"description":"Je suis Martin Proulx, coach pour les leaders non conventionnels qui veulent avoir de l\u2019impact et s\u2019\u00e9panouir dans leur organisation (conventionnelle). J\u2019ai longtemps eu des doutes sur l\u2019utilit\u00e9 et l\u2019impact r\u00e9el du coaching, mais je ne savais pas tout ce que je ne savais pas! Le coaching a eu un impact significatif sur qui je suis devenu comme leader et maintenant c\u2019est ma raison d\u2019\u00eatre d\u2019aider les autres leaders non conventionnels. \u00c0 ce jour, j\u2019ai accompagn\u00e9 plus de 250 leaders (dirigeants d\u2019entreprise, membres d\u2019\u00e9quipes ex\u00e9cutives, leaders d\u2019unit\u00e9s d\u2019affaires, gestionnaires interm\u00e9diaires) dans diff\u00e9rents secteurs d\u2019activit\u00e9s (jeu vid\u00e9o, d\u00e9veloppement logiciel, secteur financier \u2013 banques et assurances, industrie de la mode, fonction publique, consultation, sant\u00e9 et pharmaceutique, etc.).","sameAs":["https:\/\/www.martinproulx.com\/a-propos\/","https:\/\/www.linkedin.com\/in\/martinproulx\/"]}]}},"_links":{"self":[{"href":"https:\/\/www.martinproulx.com\/en\/wp-json\/wp\/v2\/pages\/2012","targetHints":{"allow":["GET"]}}],"collection":[{"href":"https:\/\/www.martinproulx.com\/en\/wp-json\/wp\/v2\/pages"}],"about":[{"href":"https:\/\/www.martinproulx.com\/en\/wp-json\/wp\/v2\/types\/page"}],"author":[{"embeddable":true,"href":"https:\/\/www.martinproulx.com\/en\/wp-json\/wp\/v2\/users\/1"}],"replies":[{"embeddable":true,"href":"https:\/\/www.martinproulx.com\/en\/wp-json\/wp\/v2\/comments?post=2012"}],"version-history":[{"count":4,"href":"https:\/\/www.martinproulx.com\/en\/wp-json\/wp\/v2\/pages\/2012\/revisions"}],"predecessor-version":[{"id":2021,"href":"https:\/\/www.martinproulx.com\/en\/wp-json\/wp\/v2\/pages\/2012\/revisions\/2021"}],"wp:attachment":[{"href":"https:\/\/www.martinproulx.com\/en\/wp-json\/wp\/v2\/media?parent=2012"}],"curies":[{"name":"wp","href":"https:\/\/api.w.org\/{rel}","templated":true}]}}